{"id":13,"date":"2019-10-03T09:01:28","date_gmt":"2019-10-03T09:01:28","guid":{"rendered":"http:\/\/quintinusstiftung.info\/?page_id=13"},"modified":"2023-10-30T09:52:43","modified_gmt":"2023-10-30T07:52:43","slug":"unser-fundament","status":"publish","type":"page","link":"https:\/\/quintinusstiftung.info\/?page_id=13","title":{"rendered":"Das Fundament unserer Arbeit"},"content":{"rendered":"\n<blockquote class=\"wp-block-quote is-layout-flow wp-block-quote-is-layout-flow\">\n<p><em><strong>Was ihr den Geringsten getan habt, das habt ihr mir getan.<\/strong><\/em><\/p>\n\n\n\n<p><em><strong>vgl. Mt 25,40<\/strong><\/em><\/p>\n<\/blockquote>\n\n\n\n<p>In der Nachfolge der seit 2004\u00a0 t\u00e4tigen Quintinusstiftung wurde im Oktober 2023\u00a0 die Quintinus Wirtz Stiftung ins Leben gerufen und nimmt nun mehr als unselbst\u00e4ndige Stiftung unter dem Dach der\u00a0BIB FAIRBANKING STIFTUNG der Bank im Bistum Essen die Aufgabe der Hilfestellung f\u00fcr Menschen in schwierigen Notsituationen wahr. Der Stiftungszweck, \u201eFamilien Jugendlichen Senioren\u201c schnell und unb\u00fcrokratisch zu helfen, wird dadurch uneingeschr\u00e4nkt aufrecht erhalten und nach dem Willen der Franziskusschwestern \u00fcber das Fortbestehen unserer Ordensgemeinschaft hinaus gesichert. <br>Die Stiftung tr\u00e4gt\u00a0 ihren Namen nach dem Gr\u00fcnder der Gemeinschaft,\u00a0 dem Franziskanerpater Quintinus Wirtz.\u00a0<\/p>\n\n\n\n<p>Sie m\u00f6chten noch mehr erfahren?<\/p>\n\n\n\n<p><a rel=\"noreferrer noopener\" href=\"http:\/\/www.franziskusschwestern.de\" target=\"_blank\">Hier geht es zur Website der Franziskusschwestern der Familienpflege.<\/a><\/p>\n","protected":false},"excerpt":{"rendered":"<p>Was ihr den Geringsten getan habt, das habt ihr mir getan. vgl. Mt 25,40 In der Nachfolge der seit 2004\u00a0 t\u00e4tigen Quintinusstiftung wurde im Oktober &hellip; <\/p>\n","protected":false},"author":1,"featured_media":0,"parent":0,"menu_order":0,"comment_status":"closed","ping_status":"closed","template":"","meta":{"footnotes":""},"class_list":["post-13","page","type-page","status-publish","hentry"],"_links":{"self":[{"href":"https:\/\/quintinusstiftung.info\/index.php?rest_route=\/wp\/v2\/pages\/13","targetHints":{"allow":["GET"]}}],"collection":[{"href":"https:\/\/quintinusstiftung.info\/index.php?rest_route=\/wp\/v2\/pages"}],"about":[{"href":"https:\/\/quintinusstiftung.info\/index.php?rest_route=\/wp\/v2\/types\/page"}],"author":[{"embeddable":true,"href":"https:\/\/quintinusstiftung.info\/index.php?rest_route=\/wp\/v2\/users\/1"}],"replies":[{"embeddable":true,"href":"https:\/\/quintinusstiftung.info\/index.php?rest_route=%2Fwp%2Fv2%2Fcomments&post=13"}],"version-history":[{"count":10,"href":"https:\/\/quintinusstiftung.info\/index.php?rest_route=\/wp\/v2\/pages\/13\/revisions"}],"predecessor-version":[{"id":166,"href":"https:\/\/quintinusstiftung.info\/index.php?rest_route=\/wp\/v2\/pages\/13\/revisions\/166"}],"wp:attachment":[{"href":"https:\/\/quintinusstiftung.info\/index.php?rest_route=%2Fwp%2Fv2%2Fmedia&parent=13"}],"curies":[{"name":"wp","href":"https:\/\/api.w.org\/{rel}","templated":true}]}}