{"id":18,"date":"2019-10-03T09:05:17","date_gmt":"2019-10-03T09:05:17","guid":{"rendered":"http:\/\/quintinusstiftung.info\/?page_id=18"},"modified":"2023-10-26T16:06:18","modified_gmt":"2023-10-26T14:06:18","slug":"sie-brauchen-hilfe","status":"publish","type":"page","link":"https:\/\/quintinusstiftung.info\/?page_id=18","title":{"rendered":"Sie brauchen Hilfe ?"},"content":{"rendered":"\n<p>Wenn Sie in eine Notsituation geraten sind und\nunsere Hilfe ben\u00f6tigen, so wenden Sie sich bitte schriftlich an\nuns und schildern uns ihre Notlage.<\/p>\n\n\n<p><span style=\"color: #ff0000;\"><span style=\"color: #000000;\">Unsere Kontaktdaten:<\/span><br data-rich-text-line-break=\"true\" \/><em><strong> Quintinus Wirtz Stiftung<br data-rich-text-line-break=\"true\" \/>Laarmannstr. 26<br data-rich-text-line-break=\"true\" \/>45359 Essen <br data-rich-text-line-break=\"true\" \/><span style=\"color: #000000;\">Email:<\/span> <\/strong><\/em><a href=\"mailto:info@quintinus-wirtz-stiftung.eu\"><em><strong>info@quintinus-wirtz-stiftung.eu<\/strong><\/em><\/a> \u00a0<\/span><\/p>\n\n\n<p>Hierzu stellen wir Ihnen einen Antrag (PDF) auf F\u00f6rderung zur Verf\u00fcgung. <br>Bitte laden Sie den Antrag auf Ihren Rechner, drucken ihn aus und senden uns diesen bitte vollst\u00e4ndig ausgef\u00fcllt zu.<br><div class=\"bsk-pdfm-output-container shortcode-pdfs layout-ul\"><div class=\"bsk-pdfm-pdfs-output pdfs-in-ul\"><ul class=\"bsk-pdfm-pdfs-ul-list bsk-pdfm-without-featured-image bsk-pdfm-without-description bsk-pdfm-with-title\">\n<li class=\"bsk-pdfm-list-item list-item-odd\" data-date=\"2023-10-26-Do.\" data-id=\"5\">\n<a href=\"https:\/\/quintinusstiftung.info\/wp-content\/uploads\/bsk-pdf-manager\/2023\/10\/Foerderantrag2023.pdf\"  title=\"F\u00f6rderantrag 2023\" class=\"bsk-pdfm-pdf-link-for-title pdf-id-5\"><span class=\"bsk-pdfm-pdf-title-string\">F\u00f6rderantrag 2023<\/span><\/a><\/li>\n<\/ul><\/div><!-- \/\/end for bsk-pdfm-pdfs-output --><div class=\"bsk-pdfm-pdfs-shortcode-attr\"><input type=\"hidden\" class=\"bsk-pdfm-shortcode-attr\" data-attr_name=\"ul_or_ol\" value=\"ul\" \/><input type=\"hidden\" class=\"bsk-pdfm-shortcode-attr\" data-attr_name=\"id\" value=\"5\" \/><input type=\"hidden\" class=\"bsk-pdfm-shortcode-attr\" data-attr_name=\"link_only\" value=\"no\" \/><input type=\"hidden\" class=\"bsk-pdfm-shortcode-attr\" data-attr_name=\"url_only\" value=\"no\" \/><input type=\"hidden\" class=\"bsk-pdfm-shortcode-attr\" data-attr_name=\"order_by\" value=\"\" \/><input type=\"hidden\" class=\"bsk-pdfm-shortcode-attr\" data-attr_name=\"order\" value=\"\" \/><input type=\"hidden\" class=\"bsk-pdfm-shortcode-attr\" data-attr_name=\"target\" value=\"\" \/><input type=\"hidden\" class=\"bsk-pdfm-shortcode-attr\" data-attr_name=\"most_top\" value=\"0\" \/><input type=\"hidden\" class=\"bsk-pdfm-shortcode-attr\" data-attr_name=\"nofollow_tag\" value=\"no\" \/><input type=\"hidden\" class=\"bsk-pdfm-shortcode-attr\" data-attr_name=\"noopener_tag\" value=\"no\" \/><input type=\"hidden\" class=\"bsk-pdfm-shortcode-attr\" data-attr_name=\"noreferrer_tag\" value=\"no\" \/><input type=\"hidden\" class=\"bsk-pdfm-shortcode-attr\" data-attr_name=\"show_date\" value=\"no\" \/><input type=\"hidden\" class=\"bsk-pdfm-shortcode-attr\" data-attr_name=\"date_format\" value=\" d\/m\/Y\" \/><input type=\"hidden\" class=\"bsk-pdfm-shortcode-attr\" data-attr_name=\"date_before_title\" value=\"no\" \/><input type=\"hidden\" class=\"bsk-pdfm-shortcode-attr\" data-attr_name=\"show_count_desc\" value=\"no\" \/><input type=\"hidden\" class=\"bsk-pdfm-shortcode-attr\" data-attr_name=\"extension_filter\" value=\"no\" \/><input type=\"hidden\" class=\"bsk-pdfm-shortcode-attr\" data-attr_name=\"tags\" value=\"no\" \/><input type=\"hidden\" class=\"bsk-pdfm-shortcode-attr\" data-attr_name=\"tags_specific\" value=\"\" \/><input type=\"hidden\" class=\"bsk-pdfm-shortcode-attr\" data-attr_name=\"tags_default\" value=\"\" \/><input type=\"hidden\" class=\"bsk-pdfm-shortcode-attr\" data-attr_name=\"tags_exclude\" value=\"\" \/><input type=\"hidden\" class=\"bsk-pdfm-shortcode-attr\" data-attr_name=\"tags_align_right\" value=\"no\" \/><input type=\"hidden\" class=\"bsk-pdfm-shortcode-attr\" data-attr_name=\"output_container_class\" value=\"\" \/><input type=\"hidden\" class=\"bsk-pdfm-pdfs-ajax-nonce\" value=\"f8587a0d77\"><!-- \/\/bsk-pdfm-pdfs-shortcode-attr --><\/div><\/div><!-- \/\/end for bsk-pdfm-output-container--> <\/p>\n\n\n\n<p>Alternativ haben Sie auch die M\u00f6glichkeit unseren <a href=\"http:\/\/quintinusstiftung.info\/?page_id=78\">Onlineantrag<\/a> zu nutzen.<br>Wir nehmen dann mit Ihnen Kontakt auf. Vorsorglich weisen wir daraufhin, dass wir finanzielle Hilfe nur entsprechend unserer Stiftungssatzung gew\u00e4hren k\u00f6nnen. <\/p>\n","protected":false},"excerpt":{"rendered":"<p>Wenn Sie in eine Notsituation geraten sind und unsere Hilfe ben\u00f6tigen, so wenden Sie sich bitte schriftlich an uns und schildern uns ihre Notlage. Unsere &hellip; <\/p>\n","protected":false},"author":1,"featured_media":0,"parent":0,"menu_order":0,"comment_status":"closed","ping_status":"closed","template":"","meta":{"footnotes":""},"class_list":["post-18","page","type-page","status-publish","hentry"],"_links":{"self":[{"href":"https:\/\/quintinusstiftung.info\/index.php?rest_route=\/wp\/v2\/pages\/18","targetHints":{"allow":["GET"]}}],"collection":[{"href":"https:\/\/quintinusstiftung.info\/index.php?rest_route=\/wp\/v2\/pages"}],"about":[{"href":"https:\/\/quintinusstiftung.info\/index.php?rest_route=\/wp\/v2\/types\/page"}],"author":[{"embeddable":true,"href":"https:\/\/quintinusstiftung.info\/index.php?rest_route=\/wp\/v2\/users\/1"}],"replies":[{"embeddable":true,"href":"https:\/\/quintinusstiftung.info\/index.php?rest_route=%2Fwp%2Fv2%2Fcomments&post=18"}],"version-history":[{"count":21,"href":"https:\/\/quintinusstiftung.info\/index.php?rest_route=\/wp\/v2\/pages\/18\/revisions"}],"predecessor-version":[{"id":160,"href":"https:\/\/quintinusstiftung.info\/index.php?rest_route=\/wp\/v2\/pages\/18\/revisions\/160"}],"wp:attachment":[{"href":"https:\/\/quintinusstiftung.info\/index.php?rest_route=%2Fwp%2Fv2%2Fmedia&parent=18"}],"curies":[{"name":"wp","href":"https:\/\/api.w.org\/{rel}","templated":true}]}}