{"id":65,"date":"2019-10-07T10:46:53","date_gmt":"2019-10-07T08:46:53","guid":{"rendered":"http:\/\/quintinusstiftung.info\/?page_id=65"},"modified":"2024-11-21T14:49:57","modified_gmt":"2024-11-21T12:49:57","slug":"impressum","status":"publish","type":"page","link":"https:\/\/quintinusstiftung.info\/?page_id=65","title":{"rendered":"Impressum"},"content":{"rendered":"\n<p><strong><em>Stiftung der Franziskusschwestern der Familienpflege<\/em><\/strong><br>Quintinus Wirtz Stiftung<strong><em><br>Laarmannstr. 26<br>45359 Essen <br>Telefon: 02 01 \/ 45 09 13 0<br>Email: <\/em><\/strong><a href=\"mailto:info@quintinus-wirtz-stiftung.eu\"><strong><em>info@quintinus-wirtz-stiftung.eu<\/em><\/strong><\/a><strong><em><br>Internet : <a href=\"http:\/\/www.quintinusstiftung.de\">www.quintinus-wirtz-stiftung.eu<\/a><br>Vorsitzende : Schwester Benigna Berens <\/em><\/strong><br><strong><em>Inhaltl. Verantwortl. gem\u00e4\u00df \u00a7 6 MDStV <br>Schwester Judith Schmidt &#8211; Generaloberin &#8211; <\/em><\/strong><\/p>\n\n\n<div class=\"sectiontitlebox clearfix\">\n<p id=\"section2\" class=\"sectiontitle\"><strong>Rechtliches<\/strong><\/p>\n<\/div>\n<p class=\"paragraphtitle\"><strong><em>Haftungshinweis<br \/><\/em><\/strong>Trotz sorgf\u00e4ltiger inhaltlicher Kontrolle \u00fcbernehmen wir keine Haftung f\u00fcr die Inhalte externer Links. F\u00fcr den Inhalt der verlinkten Seiten sind ausschlie\u00dflich deren Betreiber verantwortlich.<\/p>\n<p><strong><em>Haftungsausschluss<br \/><\/em><\/strong>Mit Urteil vom 12. Mai 1998 &#8211; 312 O 85\/98 &#8211; &#8222;Haftung f\u00fcr Links&#8220; hat das Landgericht Hamburg entschieden, dass man durch das Anbringen eines Links die Inhalte der gelinkten Seite ggf. mit zu verantworten hat. Dies kann laut Aussage des LG nur dadurch verhindert werden, dass man sich ausdr\u00fccklich von diesen Inhalten distanziert.<br \/>Wir haben auf unserer Homepage Links und Banner zu anderen Seiten im Internet gelegt.<\/p>\n<p><strong>F\u00fcr alle Links und Banner auf diesen Seiten gilt<br \/><\/strong>Wir m\u00f6chten ausdr\u00fccklich betonen, dass wir keinerlei Einfluss auf die Gestaltung und die Inhalte der gelinkten Seiten haben. Deshalb distanzieren wir uns hiermit ausdr\u00fccklich von den Inhalten aller gelinkten Seiten auf unserer Homepage und machen uns diese Inhalte nicht zu Eigen.<\/p>\n<div class=\"pagetext\">\n<p><strong>Diese Erkl\u00e4rung gilt f\u00fcr alle Seiten unserer Homepage und der dort angebrachten Links.<br \/><\/strong>Bei den Inhalten unserer Homepage handelt es sich lediglich um Empfehlungen, die ausschlie\u00dflich auf eigene Verantwortung befolgt werden k\u00f6nnen. Wir \u00fcbernehmen keinerlei Haftung f\u00fcr die Richtigkeit, Aktualit\u00e4t oder Qualit\u00e4t der bereitgestellten Informationen oder f\u00fcr die Abwicklung einer gebuchten Leistung. Die Bedingungen f\u00fcr Leistungen richten sich immer nach den Gesch\u00e4ftsbedingungen des jeweiligen Anbieters, bitte beachten Sie diese. Unsere Inhalte erheben keinen Anspruch auf Vollst\u00e4ndigkeit. Alle Angebote sind freibleibend und unverbindlich. Wir behalten uns ausdr\u00fccklich vor, Teile der Seiten oder gesamte Angebote ohne gesonderte Ank\u00fcndigung zu ver\u00e4ndern, zu erg\u00e4nzen und zu l\u00f6schen.<\/p>\n<\/div>\n<p class=\"paragraphtitle\"><strong><em>Nutzung<br \/><\/em><\/strong>Die Nutzung unserer Homepage ist f\u00fcr alle Besucher kostenlos. Die Reproduktion, das Kopieren und der Ausdruck einer Web-Seite zum privaten und pers\u00f6nlichen Gebrauch sowie zur journalistischen Berichterstattung sind gestattet. Jegliche Nutzung erfolgt auf eigenes Risiko. Eine Haftung f\u00fcr die Inanspruchnahme des Service sowie der einzelnen Angebote der verschiedenen Leistungsanbieter oder der Nichtverf\u00fcgbarkeit wird ausgeschlossen. Dies gilt auch f\u00fcr alle evtl. daraus resultierenden Folgesch\u00e4den.<\/p>\n<p><strong><em>Urheberrecht<br \/><\/em><\/strong>Wir sind bestrebt in allen Ver\u00f6ffentlichungen die Urheberrechte der verwendeten Grafiken, Dokumente und Texte zu beachten. Alle auf dieser Website zitierten Warenzeichen, Produktnamen und Firmennamen bzw. Firmenlogos sind das Alleineigentum der jeweiligen Besitzer.<br \/>F\u00fcr alle von uns selbst erstellten Grafiken, Dokumente und Texte bleibt das Copyright allein bei uns. Eine Vervielf\u00e4ltigung oder Verwendung von Web-Seiten oder Teilen davon in anderen elektronischen oder gedruckten Publikationen ist ohne unsere ausdr\u00fcckliche schriftliche Zustimmung nicht gestattet. Die Reproduktion und der Ausdruck einer Web-Seite sind nur zum privaten und pers\u00f6nlichen Gebrauch erlaubt. Jede andere Verwendung, z.B. Bearbeitung, Verf\u00e4lschung, Vervielf\u00e4ltigung und \u00f6ffentliche Wiedergabe in Print- oder Online-Medien ist nicht zul\u00e4ssig und stellt einen Versto\u00df gegen das Urheberrecht dar, welcher strafrechtlich verfolgt wird und schadenersatzpflichtig ist.<\/p>\n<div class=\"pagetext\">\n<p>Im Zweifelsfall fordern Sie bitte unsere Zustimmung an.<\/p>\n<\/div>\n<p class=\"paragraphtitle\"><strong><em>Quellnachweise f\u00fcr Bilder<\/em><\/strong><br \/><a href=\"http:\/\/gt-fotodesign.com\/\">Guido Thomaschewski<\/a><\/p>\n<p><!--StartFragment--><\/p>\n\n\n<p><\/p>\n","protected":false},"excerpt":{"rendered":"<p>Stiftung der Franziskusschwestern der FamilienpflegeQuintinus Wirtz StiftungLaarmannstr. 2645359 Essen Telefon: 02 01 \/ 45 09 13 0Email: info@quintinus-wirtz-stiftung.euInternet : www.quintinus-wirtz-stiftung.euVorsitzende : Schwester Benigna Berens Inhaltl. &hellip; <\/p>\n","protected":false},"author":1,"featured_media":0,"parent":0,"menu_order":0,"comment_status":"closed","ping_status":"closed","template":"","meta":{"footnotes":""},"class_list":["post-65","page","type-page","status-publish","hentry"],"_links":{"self":[{"href":"https:\/\/quintinusstiftung.info\/index.php?rest_route=\/wp\/v2\/pages\/65","targetHints":{"allow":["GET"]}}],"collection":[{"href":"https:\/\/quintinusstiftung.info\/index.php?rest_route=\/wp\/v2\/pages"}],"about":[{"href":"https:\/\/quintinusstiftung.info\/index.php?rest_route=\/wp\/v2\/types\/page"}],"author":[{"embeddable":true,"href":"https:\/\/quintinusstiftung.info\/index.php?rest_route=\/wp\/v2\/users\/1"}],"replies":[{"embeddable":true,"href":"https:\/\/quintinusstiftung.info\/index.php?rest_route=%2Fwp%2Fv2%2Fcomments&post=65"}],"version-history":[{"count":7,"href":"https:\/\/quintinusstiftung.info\/index.php?rest_route=\/wp\/v2\/pages\/65\/revisions"}],"predecessor-version":[{"id":169,"href":"https:\/\/quintinusstiftung.info\/index.php?rest_route=\/wp\/v2\/pages\/65\/revisions\/169"}],"wp:attachment":[{"href":"https:\/\/quintinusstiftung.info\/index.php?rest_route=%2Fwp%2Fv2%2Fmedia&parent=65"}],"curies":[{"name":"wp","href":"https:\/\/api.w.org\/{rel}","templated":true}]}}