{"id":78,"date":"2019-10-07T16:19:17","date_gmt":"2019-10-07T14:19:17","guid":{"rendered":"http:\/\/quintinusstiftung.info\/?page_id=78"},"modified":"2019-10-07T18:11:07","modified_gmt":"2019-10-07T16:11:07","slug":"onlineantrag-auf-foerderung","status":"publish","type":"page","link":"https:\/\/quintinusstiftung.info\/?page_id=78","title":{"rendered":"Onlineantrag auf F\u00f6rderung"},"content":{"rendered":"\n<p>Bitte f\u00fcllen Sie alle Felder aus. Ihre Dokumente ( z.B. Einkommensnachweis ) k\u00f6nnen Sie problemlos hochladen.<\/p>\n\n\n\n<div class=\"forminator-guttenberg\"><div class=\"forminator-ui forminator-custom-form forminator-custom-form-75 forminator-design--flat forminator-enclosed forminator_ajax\" data-forminator-render=\"0\" data-form=\"forminator-module-75\" data-uid=\"69d5df4889752\"><br\/><\/div><form\n\t\t\t\tid=\"forminator-module-75\"\n\t\t\t\tclass=\"forminator-ui forminator-custom-form forminator-custom-form-75 forminator-design--flat forminator-enclosed forminator_ajax\"\n\t\t\t\tmethod=\"post\"\n\t\t\t\tdata-forminator-render=\"0\"\n\t\t\t\tdata-form-id=\"75\"\n\t\t\t\t\n\t\t\t\tdata-design=\"flat\"\n\t\t\t\t\n\t\t\t\t\n\t\t\t\t\n\t\t\t\tdata-grid=\"enclosed\"\n\t\t\t\tenctype=\"multipart\/form-data\"\n\t\t\t\t\n\t\t\t\tstyle=\"display: none;\"\n\t\t\t\t\n\t\t\t\tdata-uid=\"69d5df4889752\"\n\t\t\t><div role=\"alert\" aria-live=\"polite\" class=\"forminator-response-message forminator-error\" aria-hidden=\"true\"><\/div><div class=\"forminator-row\"><div id=\"name-2\" class=\"forminator-field-name forminator-col forminator-col-4 \"><div class=\"forminator-field\"><label for=\"forminator-field-name-2_69d5df4889752\" id=\"forminator-field-name-2_69d5df4889752-label\" class=\"forminator-label\">Name <span class=\"forminator-required\">*<\/span><\/label><input type=\"text\" name=\"name-2\" value=\"\" placeholder=\"Nachname\" id=\"forminator-field-name-2_69d5df4889752\" class=\"forminator-input forminator-name--field\" aria-required=\"true\" aria-describedby=\"forminator-field-name-2_69d5df4889752-description\" \/><span id=\"forminator-field-name-2_69d5df4889752-description\" class=\"forminator-description\">Nachname<\/span><\/div><\/div><div id=\"name-1\" class=\"forminator-field-name forminator-col forminator-col-4 \"><div class=\"forminator-field\"><label for=\"forminator-field-name-1_69d5df4889752\" id=\"forminator-field-name-1_69d5df4889752-label\" class=\"forminator-label\">Vorname <span class=\"forminator-required\">*<\/span><\/label><input type=\"text\" name=\"name-1\" value=\"\" placeholder=\"Mustermann Max 01.04.1999\" id=\"forminator-field-name-1_69d5df4889752\" class=\"forminator-input forminator-name--field\" aria-required=\"true\" aria-describedby=\"forminator-field-name-1_69d5df4889752-description\" \/><span id=\"forminator-field-name-1_69d5df4889752-description\" class=\"forminator-description\">Vorname<\/span><\/div><\/div><div id=\"date-1\" class=\"forminator-field-date forminator-col forminator-col-4 \"><div class=\"forminator-field\"><label for=\"forminator-field-date-1-picker_69d5df4889752\" id=\"forminator-field-date-1-picker_69d5df4889752-label\" class=\"forminator-label\">Geburtsdatum <span class=\"forminator-required\">*<\/span><\/label><div class=\"forminator-input-with-icon\"><span class=\"forminator-icon-calendar\" aria-hidden=\"true\"><\/span><input autocomplete=\"off\" type=\"text\" size=\"1\" name=\"date-1\" value=\"\" placeholder=\"Geburtsdatum\" id=\"forminator-field-date-1-picker_69d5df4889752\" class=\"forminator-input forminator-datepicker\" data-required=\"1\" data-format=\"dd.mm.yy\" data-restrict-type=\"\" data-restrict=\"\" data-start-year=\"1926\" data-end-year=\"2126\" data-past-dates=\"enable\" data-start-of-week=\"1\" data-start-date=\"\" data-end-date=\"\" data-start-field=\"\" data-end-field=\"\" data-start-offset=\"\" data-end-offset=\"\" data-disable-date=\"\" data-disable-range=\"\" aria-describedby=\"forminator-field-date-1-picker_69d5df4889752-description\" \/><\/div><span id=\"forminator-field-date-1-picker_69d5df4889752-description\" class=\"forminator-description\">Geburtsdatum<\/span><\/div><\/div><\/div><div class=\"forminator-row\"><div id=\"address-1\" class=\"forminator-field-address forminator-col forminator-col-6 \"><div class=\"forminator-row\"><div id=\"address-1-street_address\" class=\"forminator-col\"><div class=\"forminator-field\"><label for=\"forminator-field-address-1-street_address_69d5df4889752\" id=\"forminator-field-address-1-street_address_69d5df4889752-label\" class=\"forminator-label\">Stra\u00dfe <span class=\"forminator-required\">*<\/span><\/label><input type=\"text\" name=\"address-1-street_address\" placeholder=\"\" id=\"forminator-field-address-1-street_address_69d5df4889752\" class=\"forminator-input\" data-required=\"1\" aria-required=\"true\" value=\"\" \/><\/div><\/div><\/div><div class=\"forminator-row\" data-multiple=\"false\"><div id=\"address-1-city\" class=\"forminator-col forminator-col-12\"><div class=\"forminator-field\"><label for=\"forminator-field-address-1-city_69d5df4889752\" id=\"forminator-field-address-1-city_69d5df4889752-label\" class=\"forminator-label\">Stadt <span class=\"forminator-required\">*<\/span><\/label><input type=\"text\" name=\"address-1-city\" placeholder=\"\" id=\"forminator-field-address-1-city_69d5df4889752\" class=\"forminator-input\" data-required=\"1\" aria-required=\"true\" value=\"\" \/><\/div><\/div><\/div><div class=\"forminator-row\" data-multiple=\"false\"><div id=\"address-1-zip\" class=\"forminator-col forminator-col-12\"><div class=\"forminator-field\"><label for=\"forminator-field-address-1-zip_69d5df4889752\" id=\"forminator-field-address-1-zip_69d5df4889752-label\" class=\"forminator-label\">Postleitzahl <span class=\"forminator-required\">*<\/span><\/label><input type=\"text\" name=\"address-1-zip\" placeholder=\"\" id=\"forminator-field-address-1-zip_69d5df4889752\" class=\"forminator-input\" value=\"\" \/><\/div><\/div><\/div><\/div><div id=\"email-1\" class=\"forminator-field-email forminator-col forminator-col-6 \"><div class=\"forminator-field\"><label for=\"forminator-field-email-1_69d5df4889752\" id=\"forminator-field-email-1_69d5df4889752-label\" class=\"forminator-label\">Emailadresse <span class=\"forminator-required\">*<\/span><\/label><input type=\"email\" name=\"email-1\" value=\"\" placeholder=\"\" id=\"forminator-field-email-1_69d5df4889752\" class=\"forminator-input forminator-email--field\" data-required=\"true\" aria-required=\"true\" \/><\/div><\/div><\/div><div class=\"forminator-row\"><div id=\"phone-1\" class=\"forminator-field-phone forminator-col forminator-col-12 \"><div class=\"forminator-field\"><label for=\"forminator-field-phone-1_69d5df4889752\" id=\"forminator-field-phone-1_69d5df4889752-label\" class=\"forminator-label\">Telefon <span class=\"forminator-required\">*<\/span><\/label><input type=\"text\" name=\"phone-1\" value=\"\" placeholder=\"\" id=\"forminator-field-phone-1_69d5df4889752\" class=\"forminator-input forminator-field--phone\" data-required=\"1\" aria-required=\"true\" autocomplete=\"off\" data-validation=\"true\" \/><\/div><\/div><\/div><div class=\"forminator-row\"><div id=\"text-1\" class=\"forminator-field-text forminator-col forminator-col-6 \"><div class=\"forminator-field\"><label for=\"forminator-field-text-1_69d5df4889752\" id=\"forminator-field-text-1_69d5df4889752-label\" class=\"forminator-label\">Familienstand <span class=\"forminator-required\">*<\/span><\/label><input type=\"text\" name=\"text-1\" value=\"\" placeholder=\"\" id=\"forminator-field-text-1_69d5df4889752\" class=\"forminator-input forminator-name--field\" data-required=\"1\" \/><\/div><\/div><div id=\"text-2\" class=\"forminator-field-text forminator-col forminator-col-6 \"><div class=\"forminator-field\"><label for=\"forminator-field-text-2_69d5df4889752\" id=\"forminator-field-text-2_69d5df4889752-label\" class=\"forminator-label\">Beruf ( aktuell Ausge\u00fcbter ) <span class=\"forminator-required\">*<\/span><\/label><input type=\"text\" name=\"text-2\" value=\"\" placeholder=\"\" id=\"forminator-field-text-2_69d5df4889752\" class=\"forminator-input forminator-name--field\" data-required=\"1\" \/><\/div><\/div><\/div><div class=\"forminator-row\"><div id=\"text-3\" class=\"forminator-field-text forminator-col forminator-col-4 \"><div class=\"forminator-field\"><label for=\"forminator-field-text-3_69d5df4889752\" id=\"forminator-field-text-3_69d5df4889752-label\" class=\"forminator-label\">Anzahl Kinder <span class=\"forminator-required\">*<\/span><\/label><input type=\"text\" name=\"text-3\" value=\"\" placeholder=\"keine\" id=\"forminator-field-text-3_69d5df4889752\" class=\"forminator-input forminator-name--field\" data-required=\"1\" maxlength=\"99\" \/><span id=\"forminator-field-text-3_69d5df4889752-description\" class=\"forminator-description\"><span data-limit=\"99\" data-type=\"characters\">0 \/ 99<\/span><\/span><\/div><\/div><div id=\"text-4\" class=\"forminator-field-text forminator-col forminator-col-4 \"><div class=\"forminator-field\"><label for=\"forminator-field-text-4_69d5df4889752\" id=\"forminator-field-text-4_69d5df4889752-label\" class=\"forminator-label\">Alter der Kinder<\/label><input type=\"text\" name=\"text-4\" value=\"\" placeholder=\"Beispiel : 5,8,10\" id=\"forminator-field-text-4_69d5df4889752\" class=\"forminator-input forminator-name--field\" data-required=\"\" \/><\/div><\/div><div id=\"text-5\" class=\"forminator-field-text forminator-col forminator-col-4 \"><div class=\"forminator-field\"><label for=\"forminator-field-text-5_69d5df4889752\" id=\"forminator-field-text-5_69d5df4889752-label\" class=\"forminator-label\">Personenanzahl im eigenen Haushalt <span class=\"forminator-required\">*<\/span><\/label><input type=\"text\" name=\"text-5\" value=\"\" placeholder=\"\" id=\"forminator-field-text-5_69d5df4889752\" class=\"forminator-input forminator-name--field\" data-required=\"1\" \/><\/div><\/div><\/div><div class=\"forminator-row\"><div id=\"text-7\" class=\"forminator-field-text forminator-col forminator-col-3 \"><div class=\"forminator-field\"><label for=\"forminator-field-text-7_69d5df4889752\" id=\"forminator-field-text-7_69d5df4889752-label\" class=\"forminator-label\">netto Einkommen <span class=\"forminator-required\">*<\/span><\/label><input type=\"text\" name=\"text-7\" value=\"\" placeholder=\"\" id=\"forminator-field-text-7_69d5df4889752\" class=\"forminator-input forminator-name--field\" data-required=\"1\" \/><\/div><\/div><div id=\"text-8\" class=\"forminator-field-text forminator-col forminator-col-3 \"><div class=\"forminator-field\"><label for=\"forminator-field-text-8_69d5df4889752\" id=\"forminator-field-text-8_69d5df4889752-label\" class=\"forminator-label\">Arbeitslosengeld II<\/label><input type=\"text\" name=\"text-8\" value=\"\" placeholder=\"\" id=\"forminator-field-text-8_69d5df4889752\" class=\"forminator-input forminator-name--field\" data-required=\"\" \/><\/div><\/div><div id=\"text-6\" class=\"forminator-field-text forminator-col forminator-col-3 \"><div class=\"forminator-field\"><label for=\"forminator-field-text-6_69d5df4889752\" id=\"forminator-field-text-6_69d5df4889752-label\" class=\"forminator-label\">Sozialhilfe<\/label><input type=\"text\" name=\"text-6\" value=\"\" placeholder=\"\" id=\"forminator-field-text-6_69d5df4889752\" class=\"forminator-input forminator-name--field\" data-required=\"\" \/><\/div><\/div><div id=\"text-9\" class=\"forminator-field-text forminator-col forminator-col-3 \"><div class=\"forminator-field\"><label for=\"forminator-field-text-9_69d5df4889752\" id=\"forminator-field-text-9_69d5df4889752-label\" class=\"forminator-label\">Sonstige Eink\u00fcnfte<\/label><input type=\"text\" name=\"text-9\" value=\"\" placeholder=\"\" id=\"forminator-field-text-9_69d5df4889752\" class=\"forminator-input forminator-name--field\" data-required=\"\" \/><\/div><\/div><\/div><div class=\"forminator-row\"><div id=\"text-10\" class=\"forminator-field-text forminator-col forminator-col-6 \"><div class=\"forminator-field\"><label for=\"forminator-field-text-10_69d5df4889752\" id=\"forminator-field-text-10_69d5df4889752-label\" class=\"forminator-label\">Summe der monatlichen Ausgaben <span class=\"forminator-required\">*<\/span><\/label><input type=\"text\" name=\"text-10\" value=\"\" placeholder=\"\" id=\"forminator-field-text-10_69d5df4889752\" class=\"forminator-input forminator-name--field\" data-required=\"1\" \/><\/div><\/div><div id=\"checkbox-1\" class=\"forminator-field-checkbox forminator-col forminator-col-6 \"><div role=\"group\" class=\"forminator-field required\" aria-labelledby=\"forminator-checkbox-group-69d5df4889752-label\"><span id=\"forminator-checkbox-group-69d5df4889752-label\" class=\"forminator-label\">Haben Sie schonmal einen Antrag bei der Quintinus-Wirtz-Stiftung gestellt ? <span class=\"forminator-required\">*<\/span><\/span><label id=\"forminator-field-checkbox-1-1-69d5df4889752-label\" for=\"forminator-field-checkbox-1-1-69d5df4889752\" class=\"forminator-checkbox forminator-checkbox-inline\" title=\"JA\"><input type=\"checkbox\" name=\"checkbox-1[]\" value=\"ja\" id=\"forminator-field-checkbox-1-1-69d5df4889752\" aria-labelledby=\"forminator-field-checkbox-1-1-69d5df4889752-label\" data-calculation=\"0\"  \/><span class=\"forminator-checkbox-box\" aria-hidden=\"true\"><\/span><span class=\"forminator-checkbox-label\">JA<\/span><\/label><label id=\"forminator-field-checkbox-1-2-69d5df4889752-label\" for=\"forminator-field-checkbox-1-2-69d5df4889752\" class=\"forminator-checkbox forminator-checkbox-inline\" title=\"Nein\"><input type=\"checkbox\" name=\"checkbox-1[]\" value=\"nein\" id=\"forminator-field-checkbox-1-2-69d5df4889752\" aria-labelledby=\"forminator-field-checkbox-1-2-69d5df4889752-label\" data-calculation=\"0\"  \/><span class=\"forminator-checkbox-box\" aria-hidden=\"true\"><\/span><span class=\"forminator-checkbox-label\">Nein<\/span><\/label><\/div><\/div><\/div><div class=\"forminator-row\"><div id=\"textarea-1\" class=\"forminator-field-textarea forminator-col forminator-col-12 \"><div class=\"forminator-field\"><label for=\"forminator-field-textarea-1_69d5df4889752\" id=\"forminator-field-textarea-1_69d5df4889752-label\" class=\"forminator-label\">Fallbeschreibung <span class=\"forminator-required\">*<\/span><\/label><textarea name=\"textarea-1\" placeholder=\"Bitte beschreiben Sie Ihre Notlage\" id=\"forminator-field-textarea-1_69d5df4889752\" class=\"forminator-textarea\" rows=\"6\" style=\"min-height:140px;\" maxlength=\"2500\" ><\/textarea><span id=\"forminator-field-textarea-1_69d5df4889752-description\" class=\"forminator-description\"><span data-limit=\"2500\" data-type=\"characters\" data-editor=\"\">0 \/ 2500<\/span><\/span><\/div><\/div><\/div><div class=\"forminator-row\"><div id=\"upload-1\" class=\"forminator-field-upload forminator-col forminator-col-12 \"><div class=\"forminator-field\"><label for=\"forminator-field-upload-1_69d5df4889752\" id=\"forminator-field-upload-1_69d5df4889752-label\" class=\"forminator-label\">Bitte laden Sie alle Belege hoch<\/label><div class=\"forminator-multi-upload \" data-element=\"upload-1_69d5df4889752\"><input type=\"file\" name=\"upload-1[]\" id=\"forminator-field-upload-1_69d5df4889752\" class=\"forminator-input-file forminator-field-upload-1_69d5df4889752-75\" multiple=\"multiple\" data-method=\"ajax\" accept=\".jpg,.jpeg,.jpe,.gif,.png,.bmp,.txt,.asc,.c,.cc,.h,.srt,.csv,.tsv,.ics,.rtx,.vtt,.rtf,.pdf,.tar,.zip,.gz,.gzip,.7z,.doc,.wri,.xla,.xls,.xlt,.xlw,.docx,.docm,.dotx,.dotm,.xlsx,.xlsm,.xlsb,.xltx,.xltm,.xlam,.oxps,.xps,.odt,.odp,.ods,.odg,.odc,.odb,.odf,.wp,.wpd,.numbers,.pages\" data-size=\"20000000\" data-size-message=\"Die maximale Dateigr\u00f6\u00dfe betr\u00e4gt 20 MB. \" data-filetype=\"jpg|jpeg|jpe|gif|png|bmp|txt|asc|c|cc|h|srt|csv|tsv|ics|rtx|vtt|rtf|pdf|tar|zip|gz|gzip|7z|doc|wri|xla|xls|xlt|xlw|docx|docm|dotx|dotm|xlsx|xlsm|xlsb|xltx|xltm|xlam|oxps|xps|odt|odp|ods|odg|odc|odb|odf|wp|wpd|numbers|pages\" data-filetype-message=\"Dateierweiterung ist nicht erlaubt.\"><div class=\"forminator-multi-upload-message\" aria-hidden=\"true\"><span class=\"forminator-icon-upload\" aria-hidden=\"true\"><\/span><p>Drag &amp; Drop (oder) <a class=\"forminator-upload-file--forminator-field-upload-1_69d5df4889752\" href=\"#\" onclick=\"return false;\">W\u00e4hle Dateien<\/a><\/p><\/div><\/div><ul class=\"forminator-uploaded-files upload-container-upload-1_69d5df4889752\"><\/ul><\/div><\/div><\/div><div class=\"forminator-row\"><div id=\"checkbox-2\" class=\"forminator-field-checkbox forminator-col forminator-col-12 \"><div role=\"group\" class=\"forminator-field\" aria-labelledby=\"forminator-checkbox-group-69d5df4889752-label\"><span id=\"forminator-checkbox-group-69d5df4889752-label\" class=\"forminator-label\">Mit dem Absenden Ihrer Daten erkl\u00e4ren Sie sich mit unseren Allgemeinen Gesch\u00e4ftsbedingungen einverstanden. Bitte lesen Sie unsere Datenschutzbestimmungen und unsere Hinweise zu Cookies.<\/span><label id=\"forminator-field-checkbox-2-1-69d5df4889752-label\" for=\"forminator-field-checkbox-2-1-69d5df4889752\" class=\"forminator-checkbox\" title=\"Ja\"><input type=\"checkbox\" name=\"checkbox-2[]\" value=\"ja\" id=\"forminator-field-checkbox-2-1-69d5df4889752\" aria-labelledby=\"forminator-field-checkbox-2-1-69d5df4889752-label\" data-calculation=\"0\"  \/><span class=\"forminator-checkbox-box\" aria-hidden=\"true\"><\/span><span class=\"forminator-checkbox-label\">Ja<\/span><\/label><\/div><\/div><\/div><input type=\"hidden\" name=\"referer_url\" value=\"\" \/><div class=\"forminator-row forminator-row-last\"><div class=\"forminator-col\"><div class=\"forminator-field\"><button class=\"forminator-button forminator-button-submit\">Absenden<\/button><\/div><\/div><\/div><input type=\"hidden\" id=\"forminator_nonce\" name=\"forminator_nonce\" value=\"d0a6ad00e4\" \/><input type=\"hidden\" name=\"_wp_http_referer\" value=\"\/index.php?rest_route=%2Fwp%2Fv2%2Fpages%2F78\" \/><input type=\"hidden\" name=\"form_id\" value=\"75\"><input type=\"hidden\" name=\"page_id\" value=\"78\"><input type=\"hidden\" name=\"form_type\" value=\"\"><input type=\"hidden\" name=\"current_url\" value=\"https:\/\/quintinusstiftung.info\/?page_id=78\"><input type=\"hidden\" name=\"render_id\" value=\"0\"><input type=\"hidden\" name=\"forminator-multifile-hidden\" class=\"forminator-multifile-hidden\"><input type=\"hidden\" name=\"action\" value=\"forminator_submit_form_custom-forms\"><\/form><\/div>\n","protected":false},"excerpt":{"rendered":"<p>Bitte f\u00fcllen Sie alle Felder aus. Ihre Dokumente ( z.B. Einkommensnachweis ) k\u00f6nnen Sie problemlos hochladen.<\/p>\n","protected":false},"author":1,"featured_media":0,"parent":0,"menu_order":0,"comment_status":"closed","ping_status":"closed","template":"","meta":{"footnotes":""},"class_list":["post-78","page","type-page","status-publish","hentry"],"_links":{"self":[{"href":"https:\/\/quintinusstiftung.info\/index.php?rest_route=\/wp\/v2\/pages\/78","targetHints":{"allow":["GET"]}}],"collection":[{"href":"https:\/\/quintinusstiftung.info\/index.php?rest_route=\/wp\/v2\/pages"}],"about":[{"href":"https:\/\/quintinusstiftung.info\/index.php?rest_route=\/wp\/v2\/types\/page"}],"author":[{"embeddable":true,"href":"https:\/\/quintinusstiftung.info\/index.php?rest_route=\/wp\/v2\/users\/1"}],"replies":[{"embeddable":true,"href":"https:\/\/quintinusstiftung.info\/index.php?rest_route=%2Fwp%2Fv2%2Fcomments&post=78"}],"version-history":[{"count":2,"href":"https:\/\/quintinusstiftung.info\/index.php?rest_route=\/wp\/v2\/pages\/78\/revisions"}],"predecessor-version":[{"id":84,"href":"https:\/\/quintinusstiftung.info\/index.php?rest_route=\/wp\/v2\/pages\/78\/revisions\/84"}],"wp:attachment":[{"href":"https:\/\/quintinusstiftung.info\/index.php?rest_route=%2Fwp%2Fv2%2Fmedia&parent=78"}],"curies":[{"name":"wp","href":"https:\/\/api.w.org\/{rel}","templated":true}]}}